{"id":655,"date":"2023-10-26T17:21:53","date_gmt":"2023-10-26T17:21:53","guid":{"rendered":"https:\/\/solarsystembh.com.br\/2023\/?page_id=655"},"modified":"2024-08-20T16:18:30","modified_gmt":"2024-08-20T16:18:30","slug":"agronegocio","status":"publish","type":"page","link":"https:\/\/solarsystembh.com.br\/2023\/pagina-antiga\/agronegocio\/","title":{"rendered":"Agroneg\u00f3cio"},"content":{"rendered":"\t\t<div data-elementor-type=\"wp-page\" data-elementor-id=\"655\" class=\"elementor elementor-655\" data-elementor-post-type=\"page\">\n\t\t\t\t<div class=\"elementor-element elementor-element-56824de e-flex e-con-boxed e-con e-parent\" data-id=\"56824de\" data-element_type=\"container\" id=\"contato\" data-settings=\"{&quot;background_background&quot;:&quot;classic&quot;}\">\n\t\t\t\t\t<div class=\"e-con-inner\">\n\t\t\t\t<div class=\"elementor-element elementor-element-59f1300 elementor-widget elementor-widget-heading\" data-id=\"59f1300\" data-element_type=\"widget\" data-widget_type=\"heading.default\">\n\t\t\t\t<div class=\"elementor-widget-container\">\n\t\t\t\t\t<h2 class=\"elementor-heading-title elementor-size-default\">PROJETOS AGRONEG\u00d3CIO<\/h2>\t\t\t\t<\/div>\n\t\t\t\t<\/div>\n\t\t\t\t<div class=\"elementor-element elementor-element-534c51f elementor-widget elementor-widget-image\" data-id=\"534c51f\" data-element_type=\"widget\" data-widget_type=\"image.default\">\n\t\t\t\t<div class=\"elementor-widget-container\">\n\t\t\t\t\t\t\t\t\t\t\t\t\t\t\t<img fetchpriority=\"high\" decoding=\"async\" width=\"500\" height=\"500\" src=\"https:\/\/solarsystembh.com.br\/2023\/wp-content\/uploads\/2023\/10\/agro.png\" class=\"attachment-large size-large wp-image-660\" alt=\"\" srcset=\"https:\/\/solarsystembh.com.br\/2023\/wp-content\/uploads\/2023\/10\/agro.png 500w, https:\/\/solarsystembh.com.br\/2023\/wp-content\/uploads\/2023\/10\/agro-300x300.png 300w, https:\/\/solarsystembh.com.br\/2023\/wp-content\/uploads\/2023\/10\/agro-150x150.png 150w\" sizes=\"(max-width: 500px) 100vw, 500px\" \/>\t\t\t\t\t\t\t\t\t\t\t\t\t\t\t<\/div>\n\t\t\t\t<\/div>\n\t\t\t\t\t<\/div>\n\t\t\t\t<\/div>\n\t\t<div class=\"elementor-element elementor-element-93e9a41 e-flex e-con-boxed e-con e-parent\" data-id=\"93e9a41\" data-element_type=\"container\">\n\t\t\t\t\t<div class=\"e-con-inner\">\n\t\t<div class=\"elementor-element elementor-element-fa9e30d e-con-full e-flex e-con e-child\" data-id=\"fa9e30d\" data-element_type=\"container\">\n\t\t\t\t<\/div>\n\t\t<div class=\"elementor-element elementor-element-865817d e-con-full e-flex e-con e-child\" data-id=\"865817d\" data-element_type=\"container\">\n\t\t\t\t<\/div>\n\t\t<div class=\"elementor-element elementor-element-1d0e1ac e-con-full e-flex e-con e-child\" data-id=\"1d0e1ac\" data-element_type=\"container\">\n\t\t\t\t<\/div>\n\t\t\t\t\t<\/div>\n\t\t\t\t<\/div>\n\t\t<div class=\"elementor-element elementor-element-8b12406 e-flex e-con-boxed e-con e-parent\" data-id=\"8b12406\" data-element_type=\"container\" id=\"projetos\" data-settings=\"{&quot;background_background&quot;:&quot;classic&quot;}\">\n\t\t\t\t\t<div class=\"e-con-inner\">\n\t\t\t\t<div class=\"elementor-element elementor-element-fad9b83 elementor-widget elementor-widget-heading\" data-id=\"fad9b83\" data-element_type=\"widget\" data-widget_type=\"heading.default\">\n\t\t\t\t<div class=\"elementor-widget-container\">\n\t\t\t\t\t<h2 class=\"elementor-heading-title elementor-size-default\"><p>CONHE\u00c7A ALGUNS DE NOSSOS PROJETOS <span style=\"color: var( --e-global-color-dd79239 )\"><\/span><\/p><\/h2>\t\t\t\t<\/div>\n\t\t\t\t<\/div>\n\t\t\t\t<div class=\"elementor-element elementor-element-daceaa7 elementor-widget elementor-widget-text-editor\" data-id=\"daceaa7\" data-element_type=\"widget\" data-widget_type=\"text-editor.default\">\n\t\t\t\t<div class=\"elementor-widget-container\">\n\t\t\t\t\t\t\t\t\t<p>-Local: Inhapim &#8211; MG<br \/>-Cliente: Agroneg\u00f3cio <br \/>-Pot\u00eancia Instalada: 44kw<br \/>-Produ\u00e7\u00e3o M\u00e9dia Mensal de 4.630 kwh\/m\u00eas <br \/>-Economia mensal de R$ 3.973,5<\/p>\t\t\t\t\t\t\t\t<\/div>\n\t\t\t\t<\/div>\n\t\t\t\t<div class=\"elementor-element elementor-element-5924199 gallery-spacing-custom elementor-invisible elementor-widget elementor-widget-image-gallery\" data-id=\"5924199\" data-element_type=\"widget\" data-settings=\"{&quot;_animation&quot;:&quot;fadeIn&quot;}\" data-widget_type=\"image-gallery.default\">\n\t\t\t\t<div class=\"elementor-widget-container\">\n\t\t\t\t\t\t\t<div class=\"elementor-image-gallery\">\n\t\t\t<div id='gallery-1' class='gallery galleryid-655 gallery-columns-4 gallery-size-thumbnail'><figure class='gallery-item'>\n\t\t\t<div class='gallery-icon landscape'>\n\t\t\t\t<a data-elementor-open-lightbox=\"yes\" data-elementor-lightbox-slideshow=\"5924199\" data-elementor-lightbox-title=\"01-agro-inhapim\" data-e-action-hash=\"#elementor-action%3Aaction%3Dlightbox%26settings%3DeyJpZCI6NjcyLCJ1cmwiOiJodHRwczpcL1wvc29sYXJzeXN0ZW1iaC5jb20uYnJcLzIwMjNcL3dwLWNvbnRlbnRcL3VwbG9hZHNcLzIwMjNcLzEwXC8wMS1hZ3JvLWluaGFwaW0tMS5qcGciLCJzbGlkZXNob3ciOiI1OTI0MTk5In0%3D\" href='https:\/\/solarsystembh.com.br\/2023\/wp-content\/uploads\/2023\/10\/01-agro-inhapim-1.jpg'><img decoding=\"async\" width=\"150\" height=\"150\" src=\"https:\/\/solarsystembh.com.br\/2023\/wp-content\/uploads\/2023\/10\/01-agro-inhapim-1-150x150.jpg\" class=\"attachment-thumbnail size-thumbnail\" alt=\"\" \/><\/a>\n\t\t\t<\/div><\/figure><figure class='gallery-item'>\n\t\t\t<div class='gallery-icon landscape'>\n\t\t\t\t<a data-elementor-open-lightbox=\"yes\" data-elementor-lightbox-slideshow=\"5924199\" data-elementor-lightbox-title=\"02-agro-inhapim\" data-e-action-hash=\"#elementor-action%3Aaction%3Dlightbox%26settings%3DeyJpZCI6NjczLCJ1cmwiOiJodHRwczpcL1wvc29sYXJzeXN0ZW1iaC5jb20uYnJcLzIwMjNcL3dwLWNvbnRlbnRcL3VwbG9hZHNcLzIwMjNcLzEwXC8wMi1hZ3JvLWluaGFwaW0tMS5qcGciLCJzbGlkZXNob3ciOiI1OTI0MTk5In0%3D\" href='https:\/\/solarsystembh.com.br\/2023\/wp-content\/uploads\/2023\/10\/02-agro-inhapim-1.jpg'><img decoding=\"async\" width=\"150\" height=\"150\" src=\"https:\/\/solarsystembh.com.br\/2023\/wp-content\/uploads\/2023\/10\/02-agro-inhapim-1-150x150.jpg\" class=\"attachment-thumbnail size-thumbnail\" alt=\"\" \/><\/a>\n\t\t\t<\/div><\/figure><figure class='gallery-item'>\n\t\t\t<div class='gallery-icon landscape'>\n\t\t\t\t<a data-elementor-open-lightbox=\"yes\" data-elementor-lightbox-slideshow=\"5924199\" data-elementor-lightbox-title=\"03-agro-inhapim\" data-e-action-hash=\"#elementor-action%3Aaction%3Dlightbox%26settings%3DeyJpZCI6Njc0LCJ1cmwiOiJodHRwczpcL1wvc29sYXJzeXN0ZW1iaC5jb20uYnJcLzIwMjNcL3dwLWNvbnRlbnRcL3VwbG9hZHNcLzIwMjNcLzEwXC8wMy1hZ3JvLWluaGFwaW0tMS5qcGciLCJzbGlkZXNob3ciOiI1OTI0MTk5In0%3D\" href='https:\/\/solarsystembh.com.br\/2023\/wp-content\/uploads\/2023\/10\/03-agro-inhapim-1.jpg'><img loading=\"lazy\" decoding=\"async\" width=\"150\" height=\"150\" src=\"https:\/\/solarsystembh.com.br\/2023\/wp-content\/uploads\/2023\/10\/03-agro-inhapim-1-150x150.jpg\" class=\"attachment-thumbnail size-thumbnail\" alt=\"\" \/><\/a>\n\t\t\t<\/div><\/figure><figure class='gallery-item'>\n\t\t\t<div class='gallery-icon landscape'>\n\t\t\t\t<a data-elementor-open-lightbox=\"yes\" data-elementor-lightbox-slideshow=\"5924199\" data-elementor-lightbox-title=\"04-agro-inhapim\" data-e-action-hash=\"#elementor-action%3Aaction%3Dlightbox%26settings%3DeyJpZCI6Njc1LCJ1cmwiOiJodHRwczpcL1wvc29sYXJzeXN0ZW1iaC5jb20uYnJcLzIwMjNcL3dwLWNvbnRlbnRcL3VwbG9hZHNcLzIwMjNcLzEwXC8wNC1hZ3JvLWluaGFwaW0tMS5qcGciLCJzbGlkZXNob3ciOiI1OTI0MTk5In0%3D\" href='https:\/\/solarsystembh.com.br\/2023\/wp-content\/uploads\/2023\/10\/04-agro-inhapim-1.jpg'><img loading=\"lazy\" decoding=\"async\" width=\"150\" height=\"150\" src=\"https:\/\/solarsystembh.com.br\/2023\/wp-content\/uploads\/2023\/10\/04-agro-inhapim-1-150x150.jpg\" class=\"attachment-thumbnail size-thumbnail\" alt=\"\" \/><\/a>\n\t\t\t<\/div><\/figure>\n\t\t<\/div>\n\t\t<\/div>\n\t\t\t\t\t\t<\/div>\n\t\t\t\t<\/div>\n\t\t\t\t<div class=\"elementor-element elementor-element-e4d17fe elementor-widget-divider--separator-type-pattern elementor-widget-divider--view-line elementor-widget elementor-widget-divider\" data-id=\"e4d17fe\" data-element_type=\"widget\" data-widget_type=\"divider.default\">\n\t\t\t\t<div class=\"elementor-widget-container\">\n\t\t\t\t\t\t\t<div class=\"elementor-divider\" style=\"--divider-pattern-url: url(&quot;data:image\/svg+xml,%3Csvg xmlns=&#039;http:\/\/www.w3.org\/2000\/svg&#039; preserveAspectRatio=&#039;none&#039; overflow=&#039;visible&#039; height=&#039;100%&#039; viewBox=&#039;0 0 20 16&#039; fill=&#039;none&#039; stroke=&#039;black&#039; stroke-width=&#039;1&#039; stroke-linecap=&#039;square&#039; stroke-miterlimit=&#039;10&#039;%3E%3Cg transform=&#039;translate(-12.000000, 0)&#039;%3E%3Cpath d=&#039;M28,0L10,18&#039;\/%3E%3Cpath d=&#039;M18,0L0,18&#039;\/%3E%3Cpath d=&#039;M48,0L30,18&#039;\/%3E%3Cpath d=&#039;M38,0L20,18&#039;\/%3E%3C\/g%3E%3C\/svg%3E&quot;);\">\n\t\t\t<span class=\"elementor-divider-separator\">\n\t\t\t\t\t\t<\/span>\n\t\t<\/div>\n\t\t\t\t\t\t<\/div>\n\t\t\t\t<\/div>\n\t\t\t\t\t<\/div>\n\t\t\t\t<\/div>\n\t\t<div class=\"elementor-element elementor-element-a691d1e e-flex e-con-boxed e-con e-parent\" data-id=\"a691d1e\" data-element_type=\"container\" data-settings=\"{&quot;background_background&quot;:&quot;classic&quot;}\">\n\t\t\t\t\t<div class=\"e-con-inner\">\n\t\t\t\t<div class=\"elementor-element elementor-element-e8eb730 elementor-widget elementor-widget-text-editor\" data-id=\"e8eb730\" data-element_type=\"widget\" data-widget_type=\"text-editor.default\">\n\t\t\t\t<div class=\"elementor-widget-container\">\n\t\t\t\t\t\t\t\t\t<p>Existem basicamente 3 tipos de sistemas Fotovoltaicos:<br><br>1- Sistemas Ongrid (onde o gerador \u00e9 conectado na rede da concession\u00e1ria e n\u00e3o armazena energia. O excedente de energia retorna para a rede de da distribuidora e est\u00e1 energia pode ser utilizada nos hor\u00e1rios que n\u00e3o h\u00e1 gera\u00e7\u00e3o)<br><br>2- Sistemas Off Grid ou isolados (s\u00e3o utilizados onde n\u00e3o h\u00e1 rede el\u00e9trica da concession\u00e1ria). A energia gerada abastece as cargas e carrega as baterias, necess\u00e1rias neste tipo de sistema!<br><br>3- H\u00edbridos (utilizados em locais onde h\u00e1 necessidade de se garantir o fornecimento de energia sem interrup\u00e7\u00e3o. Neste caso, o inversor \u00e9 conectado tanto nas baterias quando na rede da concession\u00e1ria que pode servir como backup em longos per\u00edodos de chuva quando a energia gerada pelas placas n\u00e3o for suficiente para carregar as baterias e manter as cargas).<\/p>\n<p>Para cada necessidade, definimos o modelo apropriado de sistema para atender \u00e0 necessidade de nossos clientes.<\/p>\t\t\t\t\t\t\t\t<\/div>\n\t\t\t\t<\/div>\n\t\t\t\t\t<\/div>\n\t\t\t\t<\/div>\n\t\t<div class=\"elementor-element elementor-element-25519e5 e-flex e-con-boxed e-con e-parent\" data-id=\"25519e5\" data-element_type=\"container\" data-settings=\"{&quot;background_background&quot;:&quot;classic&quot;}\">\n\t\t\t\t\t<div class=\"e-con-inner\">\n\t\t\t\t<div class=\"elementor-element elementor-element-2b2e1ba elementor-widget elementor-widget-image\" data-id=\"2b2e1ba\" data-element_type=\"widget\" data-widget_type=\"image.default\">\n\t\t\t\t<div class=\"elementor-widget-container\">\n\t\t\t\t\t\t\t\t\t\t\t\t\t\t\t<img loading=\"lazy\" decoding=\"async\" width=\"163\" height=\"79\" src=\"https:\/\/solarsystembh.com.br\/2023\/wp-content\/uploads\/2023\/05\/logo-Solar-System.png\" class=\"attachment-large size-large wp-image-42\" alt=\"\" \/>\t\t\t\t\t\t\t\t\t\t\t\t\t\t\t<\/div>\n\t\t\t\t<\/div>\n\t\t\t\t\t<\/div>\n\t\t\t\t<\/div>\n\t\t\t\t<\/div>\n\t\t","protected":false},"excerpt":{"rendered":"<p>PROJETOS AGRONEG\u00d3CIO CONHE\u00c7A ALGUNS DE NOSSOS PROJETOS -Local: Inhapim &#8211; MG-Cliente: Agroneg\u00f3cio -Pot\u00eancia Instalada: 44kw-Produ\u00e7\u00e3o M\u00e9dia Mensal de 4.630 kwh\/m\u00eas -Economia mensal de R$ 3.973,5 Existem basicamente 3 tipos de sistemas Fotovoltaicos: 1- Sistemas Ongrid (onde o gerador \u00e9 conectado na rede da concession\u00e1ria e n\u00e3o armazena energia. O excedente de energia retorna para a [&hellip;]<\/p>\n","protected":false},"author":1,"featured_media":0,"parent":122,"menu_order":0,"comment_status":"closed","ping_status":"closed","template":"elementor_header_footer","meta":{"footnotes":""},"class_list":["post-655","page","type-page","status-publish","hentry"],"_links":{"self":[{"href":"https:\/\/solarsystembh.com.br\/2023\/wp-json\/wp\/v2\/pages\/655","targetHints":{"allow":["GET"]}}],"collection":[{"href":"https:\/\/solarsystembh.com.br\/2023\/wp-json\/wp\/v2\/pages"}],"about":[{"href":"https:\/\/solarsystembh.com.br\/2023\/wp-json\/wp\/v2\/types\/page"}],"author":[{"embeddable":true,"href":"https:\/\/solarsystembh.com.br\/2023\/wp-json\/wp\/v2\/users\/1"}],"replies":[{"embeddable":true,"href":"https:\/\/solarsystembh.com.br\/2023\/wp-json\/wp\/v2\/comments?post=655"}],"version-history":[{"count":19,"href":"https:\/\/solarsystembh.com.br\/2023\/wp-json\/wp\/v2\/pages\/655\/revisions"}],"predecessor-version":[{"id":803,"href":"https:\/\/solarsystembh.com.br\/2023\/wp-json\/wp\/v2\/pages\/655\/revisions\/803"}],"up":[{"embeddable":true,"href":"https:\/\/solarsystembh.com.br\/2023\/wp-json\/wp\/v2\/pages\/122"}],"wp:attachment":[{"href":"https:\/\/solarsystembh.com.br\/2023\/wp-json\/wp\/v2\/media?parent=655"}],"curies":[{"name":"wp","href":"https:\/\/api.w.org\/{rel}","templated":true}]}}