{"id":629,"date":"2023-10-26T16:15:34","date_gmt":"2023-10-26T16:15:34","guid":{"rendered":"https:\/\/solarsystembh.com.br\/2023\/?page_id=629"},"modified":"2024-06-29T00:50:28","modified_gmt":"2024-06-29T00:50:28","slug":"residencial","status":"publish","type":"page","link":"https:\/\/solarsystembh.com.br\/2023\/pagina-antiga\/residencial\/","title":{"rendered":"Residencial"},"content":{"rendered":"\t\t<div data-elementor-type=\"wp-page\" data-elementor-id=\"629\" class=\"elementor elementor-629\" data-elementor-post-type=\"page\">\n\t\t\t\t<div class=\"elementor-element elementor-element-56824de e-flex e-con-boxed e-con e-parent\" data-id=\"56824de\" data-element_type=\"container\" id=\"contato\" data-settings=\"{&quot;background_background&quot;:&quot;classic&quot;}\">\n\t\t\t\t\t<div class=\"e-con-inner\">\n\t\t\t\t<div class=\"elementor-element elementor-element-59f1300 elementor-widget elementor-widget-heading\" data-id=\"59f1300\" data-element_type=\"widget\" data-widget_type=\"heading.default\">\n\t\t\t\t<div class=\"elementor-widget-container\">\n\t\t\t\t\t<h2 class=\"elementor-heading-title elementor-size-default\">PROJETOS RESIDENCIAIS<\/h2>\t\t\t\t<\/div>\n\t\t\t\t<\/div>\n\t\t\t\t<div class=\"elementor-element elementor-element-534c51f elementor-widget elementor-widget-image\" data-id=\"534c51f\" data-element_type=\"widget\" data-widget_type=\"image.default\">\n\t\t\t\t<div class=\"elementor-widget-container\">\n\t\t\t\t\t\t\t\t\t\t\t\t\t\t\t<img fetchpriority=\"high\" decoding=\"async\" width=\"500\" height=\"509\" src=\"https:\/\/solarsystembh.com.br\/2023\/wp-content\/uploads\/2023\/10\/Residencial-pequeno.png\" class=\"attachment-large size-large wp-image-632\" alt=\"\" srcset=\"https:\/\/solarsystembh.com.br\/2023\/wp-content\/uploads\/2023\/10\/Residencial-pequeno.png 500w, https:\/\/solarsystembh.com.br\/2023\/wp-content\/uploads\/2023\/10\/Residencial-pequeno-295x300.png 295w\" sizes=\"(max-width: 500px) 100vw, 500px\" \/>\t\t\t\t\t\t\t\t\t\t\t\t\t\t\t<\/div>\n\t\t\t\t<\/div>\n\t\t\t\t\t<\/div>\n\t\t\t\t<\/div>\n\t\t<div class=\"elementor-element elementor-element-93e9a41 e-flex e-con-boxed e-con e-parent\" data-id=\"93e9a41\" data-element_type=\"container\">\n\t\t\t\t\t<div class=\"e-con-inner\">\n\t\t<div class=\"elementor-element elementor-element-fa9e30d e-con-full e-flex e-con e-child\" data-id=\"fa9e30d\" data-element_type=\"container\">\n\t\t\t\t<\/div>\n\t\t<div class=\"elementor-element elementor-element-865817d e-con-full e-flex e-con e-child\" data-id=\"865817d\" data-element_type=\"container\">\n\t\t\t\t<\/div>\n\t\t<div class=\"elementor-element elementor-element-1d0e1ac e-con-full e-flex e-con e-child\" data-id=\"1d0e1ac\" data-element_type=\"container\">\n\t\t\t\t<\/div>\n\t\t\t\t\t<\/div>\n\t\t\t\t<\/div>\n\t\t<div class=\"elementor-element elementor-element-8b12406 e-flex e-con-boxed e-con e-parent\" data-id=\"8b12406\" data-element_type=\"container\" id=\"projetos\" data-settings=\"{&quot;background_background&quot;:&quot;classic&quot;}\">\n\t\t\t\t\t<div class=\"e-con-inner\">\n\t\t\t\t<div class=\"elementor-element elementor-element-fad9b83 elementor-widget elementor-widget-heading\" data-id=\"fad9b83\" data-element_type=\"widget\" data-widget_type=\"heading.default\">\n\t\t\t\t<div class=\"elementor-widget-container\">\n\t\t\t\t\t<h2 class=\"elementor-heading-title elementor-size-default\"><p>CONHE\u00c7A ALGUNS DE NOSSOS PROJETOS <span style=\"color: var( --e-global-color-dd79239 )\"><\/span><\/p><\/h2>\t\t\t\t<\/div>\n\t\t\t\t<\/div>\n\t\t\t\t<div class=\"elementor-element elementor-element-a94bd33 elementor-widget elementor-widget-heading\" data-id=\"a94bd33\" data-element_type=\"widget\" data-widget_type=\"heading.default\">\n\t\t\t\t<div class=\"elementor-widget-container\">\n\t\t\t\t\t<h2 class=\"elementor-heading-title elementor-size-default\">Garagem Solar - Carport<\/h2>\t\t\t\t<\/div>\n\t\t\t\t<\/div>\n\t\t\t\t<div class=\"elementor-element elementor-element-612b121 gallery-spacing-custom elementor-invisible elementor-widget elementor-widget-image-gallery\" data-id=\"612b121\" data-element_type=\"widget\" data-settings=\"{&quot;_animation&quot;:&quot;fadeIn&quot;}\" data-widget_type=\"image-gallery.default\">\n\t\t\t\t<div class=\"elementor-widget-container\">\n\t\t\t\t\t\t\t<div class=\"elementor-image-gallery\">\n\t\t\t<div id='gallery-1' class='gallery galleryid-629 gallery-columns-4 gallery-size-thumbnail'><figure class='gallery-item'>\n\t\t\t<div class='gallery-icon landscape'>\n\t\t\t\t<a data-elementor-open-lightbox=\"yes\" data-elementor-lightbox-slideshow=\"612b121\" data-elementor-lightbox-title=\"01-Nova Lima Residencial\" data-e-action-hash=\"#elementor-action%3Aaction%3Dlightbox%26settings%3DeyJpZCI6NjQ1LCJ1cmwiOiJodHRwczpcL1wvc29sYXJzeXN0ZW1iaC5jb20uYnJcLzIwMjNcL3dwLWNvbnRlbnRcL3VwbG9hZHNcLzIwMjNcLzEwXC8wMS1Ob3ZhLUxpbWEtUmVzaWRlbmNpYWwuanBnIiwic2xpZGVzaG93IjoiNjEyYjEyMSJ9\" href='https:\/\/solarsystembh.com.br\/2023\/wp-content\/uploads\/2023\/10\/01-Nova-Lima-Residencial.jpg'><img decoding=\"async\" width=\"150\" height=\"150\" src=\"https:\/\/solarsystembh.com.br\/2023\/wp-content\/uploads\/2023\/10\/01-Nova-Lima-Residencial-150x150.jpg\" class=\"attachment-thumbnail size-thumbnail\" alt=\"\" \/><\/a>\n\t\t\t<\/div><\/figure><figure class='gallery-item'>\n\t\t\t<div class='gallery-icon landscape'>\n\t\t\t\t<a data-elementor-open-lightbox=\"yes\" data-elementor-lightbox-slideshow=\"612b121\" data-elementor-lightbox-title=\"02-Nova Lima Residencial\" data-e-action-hash=\"#elementor-action%3Aaction%3Dlightbox%26settings%3DeyJpZCI6NjQ2LCJ1cmwiOiJodHRwczpcL1wvc29sYXJzeXN0ZW1iaC5jb20uYnJcLzIwMjNcL3dwLWNvbnRlbnRcL3VwbG9hZHNcLzIwMjNcLzEwXC8wMi1Ob3ZhLUxpbWEtUmVzaWRlbmNpYWwuanBnIiwic2xpZGVzaG93IjoiNjEyYjEyMSJ9\" href='https:\/\/solarsystembh.com.br\/2023\/wp-content\/uploads\/2023\/10\/02-Nova-Lima-Residencial.jpg'><img decoding=\"async\" width=\"150\" height=\"150\" src=\"https:\/\/solarsystembh.com.br\/2023\/wp-content\/uploads\/2023\/10\/02-Nova-Lima-Residencial-150x150.jpg\" class=\"attachment-thumbnail size-thumbnail\" alt=\"\" \/><\/a>\n\t\t\t<\/div><\/figure><figure class='gallery-item'>\n\t\t\t<div class='gallery-icon landscape'>\n\t\t\t\t<a data-elementor-open-lightbox=\"yes\" data-elementor-lightbox-slideshow=\"612b121\" data-elementor-lightbox-title=\"03-Nova Lima Residencial\" data-e-action-hash=\"#elementor-action%3Aaction%3Dlightbox%26settings%3DeyJpZCI6NjQ3LCJ1cmwiOiJodHRwczpcL1wvc29sYXJzeXN0ZW1iaC5jb20uYnJcLzIwMjNcL3dwLWNvbnRlbnRcL3VwbG9hZHNcLzIwMjNcLzEwXC8wMy1Ob3ZhLUxpbWEtUmVzaWRlbmNpYWwuanBnIiwic2xpZGVzaG93IjoiNjEyYjEyMSJ9\" href='https:\/\/solarsystembh.com.br\/2023\/wp-content\/uploads\/2023\/10\/03-Nova-Lima-Residencial.jpg'><img loading=\"lazy\" decoding=\"async\" width=\"150\" height=\"150\" src=\"https:\/\/solarsystembh.com.br\/2023\/wp-content\/uploads\/2023\/10\/03-Nova-Lima-Residencial-150x150.jpg\" class=\"attachment-thumbnail size-thumbnail\" alt=\"\" \/><\/a>\n\t\t\t<\/div><\/figure><figure class='gallery-item'>\n\t\t\t<div class='gallery-icon landscape'>\n\t\t\t\t<a data-elementor-open-lightbox=\"yes\" data-elementor-lightbox-slideshow=\"612b121\" data-elementor-lightbox-title=\"04-Nova Lima Residencial\" data-e-action-hash=\"#elementor-action%3Aaction%3Dlightbox%26settings%3DeyJpZCI6NjQ4LCJ1cmwiOiJodHRwczpcL1wvc29sYXJzeXN0ZW1iaC5jb20uYnJcLzIwMjNcL3dwLWNvbnRlbnRcL3VwbG9hZHNcLzIwMjNcLzEwXC8wNC1Ob3ZhLUxpbWEtUmVzaWRlbmNpYWwuanBnIiwic2xpZGVzaG93IjoiNjEyYjEyMSJ9\" href='https:\/\/solarsystembh.com.br\/2023\/wp-content\/uploads\/2023\/10\/04-Nova-Lima-Residencial.jpg'><img loading=\"lazy\" decoding=\"async\" width=\"150\" height=\"150\" src=\"https:\/\/solarsystembh.com.br\/2023\/wp-content\/uploads\/2023\/10\/04-Nova-Lima-Residencial-150x150.jpg\" class=\"attachment-thumbnail size-thumbnail\" alt=\"\" \/><\/a>\n\t\t\t<\/div><\/figure><figure class='gallery-item'>\n\t\t\t<div class='gallery-icon landscape'>\n\t\t\t\t<a data-elementor-open-lightbox=\"yes\" data-elementor-lightbox-slideshow=\"612b121\" data-elementor-lightbox-title=\"05-Nova Lima Residencial\" data-e-action-hash=\"#elementor-action%3Aaction%3Dlightbox%26settings%3DeyJpZCI6NjQ5LCJ1cmwiOiJodHRwczpcL1wvc29sYXJzeXN0ZW1iaC5jb20uYnJcLzIwMjNcL3dwLWNvbnRlbnRcL3VwbG9hZHNcLzIwMjNcLzEwXC8wNS1Ob3ZhLUxpbWEtUmVzaWRlbmNpYWwuanBnIiwic2xpZGVzaG93IjoiNjEyYjEyMSJ9\" href='https:\/\/solarsystembh.com.br\/2023\/wp-content\/uploads\/2023\/10\/05-Nova-Lima-Residencial.jpg'><img loading=\"lazy\" decoding=\"async\" width=\"150\" height=\"150\" src=\"https:\/\/solarsystembh.com.br\/2023\/wp-content\/uploads\/2023\/10\/05-Nova-Lima-Residencial-150x150.jpg\" class=\"attachment-thumbnail size-thumbnail\" alt=\"\" \/><\/a>\n\t\t\t<\/div><\/figure><figure class='gallery-item'>\n\t\t\t<div class='gallery-icon landscape'>\n\t\t\t\t<a data-elementor-open-lightbox=\"yes\" data-elementor-lightbox-slideshow=\"612b121\" data-elementor-lightbox-title=\"06-Nova Lima Residencial\" data-e-action-hash=\"#elementor-action%3Aaction%3Dlightbox%26settings%3DeyJpZCI6NjUwLCJ1cmwiOiJodHRwczpcL1wvc29sYXJzeXN0ZW1iaC5jb20uYnJcLzIwMjNcL3dwLWNvbnRlbnRcL3VwbG9hZHNcLzIwMjNcLzEwXC8wNi1Ob3ZhLUxpbWEtUmVzaWRlbmNpYWwuanBnIiwic2xpZGVzaG93IjoiNjEyYjEyMSJ9\" href='https:\/\/solarsystembh.com.br\/2023\/wp-content\/uploads\/2023\/10\/06-Nova-Lima-Residencial.jpg'><img loading=\"lazy\" decoding=\"async\" width=\"150\" height=\"150\" src=\"https:\/\/solarsystembh.com.br\/2023\/wp-content\/uploads\/2023\/10\/06-Nova-Lima-Residencial-150x150.jpg\" class=\"attachment-thumbnail size-thumbnail\" alt=\"\" \/><\/a>\n\t\t\t<\/div><\/figure><figure class='gallery-item'>\n\t\t\t<div class='gallery-icon landscape'>\n\t\t\t\t<a data-elementor-open-lightbox=\"yes\" data-elementor-lightbox-slideshow=\"612b121\" data-elementor-lightbox-title=\"07-Nova Lima Residencial\" data-e-action-hash=\"#elementor-action%3Aaction%3Dlightbox%26settings%3DeyJpZCI6NjUxLCJ1cmwiOiJodHRwczpcL1wvc29sYXJzeXN0ZW1iaC5jb20uYnJcLzIwMjNcL3dwLWNvbnRlbnRcL3VwbG9hZHNcLzIwMjNcLzEwXC8wNy1Ob3ZhLUxpbWEtUmVzaWRlbmNpYWwuanBnIiwic2xpZGVzaG93IjoiNjEyYjEyMSJ9\" href='https:\/\/solarsystembh.com.br\/2023\/wp-content\/uploads\/2023\/10\/07-Nova-Lima-Residencial.jpg'><img loading=\"lazy\" decoding=\"async\" width=\"150\" height=\"150\" src=\"https:\/\/solarsystembh.com.br\/2023\/wp-content\/uploads\/2023\/10\/07-Nova-Lima-Residencial-150x150.jpg\" class=\"attachment-thumbnail size-thumbnail\" alt=\"\" \/><\/a>\n\t\t\t<\/div><\/figure>\n\t\t<\/div>\n\t\t<\/div>\n\t\t\t\t\t\t<\/div>\n\t\t\t\t<\/div>\n\t\t\t\t<div class=\"elementor-element elementor-element-daceaa7 elementor-widget elementor-widget-text-editor\" data-id=\"daceaa7\" data-element_type=\"widget\" data-widget_type=\"text-editor.default\">\n\t\t\t\t<div class=\"elementor-widget-container\">\n\t\t\t\t\t\t\t\t\t<p>&#8211; Local: Nova Lima &#8211; MG<br \/>&#8211; Cliente: Residencial (Garagem Solar &#8211; Carport)<br \/>&#8211; Potencia Instalada: 6,6 kwp<br \/>&#8211; Produ\u00e7\u00e3o m\u00e9dia mensal de 770 kwh\/m\u00eas<br \/>&#8211; Economia mensal\u00a0de\u00a0R$\u00a0740,00<\/p>\t\t\t\t\t\t\t\t<\/div>\n\t\t\t\t<\/div>\n\t\t\t\t<div class=\"elementor-element elementor-element-cd9a2be elementor-widget-divider--separator-type-pattern elementor-widget-divider--view-line elementor-widget elementor-widget-divider\" data-id=\"cd9a2be\" data-element_type=\"widget\" data-widget_type=\"divider.default\">\n\t\t\t\t<div class=\"elementor-widget-container\">\n\t\t\t\t\t\t\t<div class=\"elementor-divider\" style=\"--divider-pattern-url: url(&quot;data:image\/svg+xml,%3Csvg xmlns=&#039;http:\/\/www.w3.org\/2000\/svg&#039; preserveAspectRatio=&#039;none&#039; overflow=&#039;visible&#039; height=&#039;100%&#039; viewBox=&#039;0 0 20 16&#039; fill=&#039;none&#039; stroke=&#039;black&#039; stroke-width=&#039;1&#039; stroke-linecap=&#039;square&#039; stroke-miterlimit=&#039;10&#039;%3E%3Cg transform=&#039;translate(-12.000000, 0)&#039;%3E%3Cpath d=&#039;M28,0L10,18&#039;\/%3E%3Cpath d=&#039;M18,0L0,18&#039;\/%3E%3Cpath d=&#039;M48,0L30,18&#039;\/%3E%3Cpath d=&#039;M38,0L20,18&#039;\/%3E%3C\/g%3E%3C\/svg%3E&quot;);\">\n\t\t\t<span class=\"elementor-divider-separator\">\n\t\t\t\t\t\t<\/span>\n\t\t<\/div>\n\t\t\t\t\t\t<\/div>\n\t\t\t\t<\/div>\n\t\t\t\t<div class=\"elementor-element elementor-element-c251ce3 elementor-widget elementor-widget-heading\" data-id=\"c251ce3\" data-element_type=\"widget\" data-widget_type=\"heading.default\">\n\t\t\t\t<div class=\"elementor-widget-container\">\n\t\t\t\t\t<h2 class=\"elementor-heading-title elementor-size-default\">Casa Rural em Rio Acima<\/h2>\t\t\t\t<\/div>\n\t\t\t\t<\/div>\n\t\t\t\t<div class=\"elementor-element elementor-element-48c0ee3 gallery-spacing-custom elementor-invisible elementor-widget elementor-widget-image-gallery\" data-id=\"48c0ee3\" data-element_type=\"widget\" data-settings=\"{&quot;_animation&quot;:&quot;fadeIn&quot;}\" data-widget_type=\"image-gallery.default\">\n\t\t\t\t<div class=\"elementor-widget-container\">\n\t\t\t\t\t\t\t<div class=\"elementor-image-gallery\">\n\t\t\t<div id='gallery-2' class='gallery galleryid-629 gallery-columns-4 gallery-size-thumbnail'><figure class='gallery-item'>\n\t\t\t<div class='gallery-icon landscape'>\n\t\t\t\t<a data-elementor-open-lightbox=\"yes\" data-elementor-lightbox-slideshow=\"48c0ee3\" data-elementor-lightbox-title=\"01-Rio Acima- Residencial-Rural\" data-e-action-hash=\"#elementor-action%3Aaction%3Dlightbox%26settings%3DeyJpZCI6NjQwLCJ1cmwiOiJodHRwczpcL1wvc29sYXJzeXN0ZW1iaC5jb20uYnJcLzIwMjNcL3dwLWNvbnRlbnRcL3VwbG9hZHNcLzIwMjNcLzEwXC8wMS1SaW8tQWNpbWEtUmVzaWRlbmNpYWwtUnVyYWwuanBnIiwic2xpZGVzaG93IjoiNDhjMGVlMyJ9\" href='https:\/\/solarsystembh.com.br\/2023\/wp-content\/uploads\/2023\/10\/01-Rio-Acima-Residencial-Rural.jpg'><img loading=\"lazy\" decoding=\"async\" width=\"150\" height=\"150\" src=\"https:\/\/solarsystembh.com.br\/2023\/wp-content\/uploads\/2023\/10\/01-Rio-Acima-Residencial-Rural-150x150.jpg\" class=\"attachment-thumbnail size-thumbnail\" alt=\"\" \/><\/a>\n\t\t\t<\/div><\/figure><figure class='gallery-item'>\n\t\t\t<div class='gallery-icon landscape'>\n\t\t\t\t<a data-elementor-open-lightbox=\"yes\" data-elementor-lightbox-slideshow=\"48c0ee3\" data-elementor-lightbox-title=\"02-Rio Acima- Residencial-Rural\" data-e-action-hash=\"#elementor-action%3Aaction%3Dlightbox%26settings%3DeyJpZCI6NjQxLCJ1cmwiOiJodHRwczpcL1wvc29sYXJzeXN0ZW1iaC5jb20uYnJcLzIwMjNcL3dwLWNvbnRlbnRcL3VwbG9hZHNcLzIwMjNcLzEwXC8wMi1SaW8tQWNpbWEtUmVzaWRlbmNpYWwtUnVyYWwuanBnIiwic2xpZGVzaG93IjoiNDhjMGVlMyJ9\" href='https:\/\/solarsystembh.com.br\/2023\/wp-content\/uploads\/2023\/10\/02-Rio-Acima-Residencial-Rural.jpg'><img loading=\"lazy\" decoding=\"async\" width=\"150\" height=\"150\" src=\"https:\/\/solarsystembh.com.br\/2023\/wp-content\/uploads\/2023\/10\/02-Rio-Acima-Residencial-Rural-150x150.jpg\" class=\"attachment-thumbnail size-thumbnail\" alt=\"\" \/><\/a>\n\t\t\t<\/div><\/figure><figure class='gallery-item'>\n\t\t\t<div class='gallery-icon landscape'>\n\t\t\t\t<a data-elementor-open-lightbox=\"yes\" data-elementor-lightbox-slideshow=\"48c0ee3\" data-elementor-lightbox-title=\"03-Rio Acima- Residencial-Rural\" data-e-action-hash=\"#elementor-action%3Aaction%3Dlightbox%26settings%3DeyJpZCI6NjQyLCJ1cmwiOiJodHRwczpcL1wvc29sYXJzeXN0ZW1iaC5jb20uYnJcLzIwMjNcL3dwLWNvbnRlbnRcL3VwbG9hZHNcLzIwMjNcLzEwXC8wMy1SaW8tQWNpbWEtUmVzaWRlbmNpYWwtUnVyYWwuanBnIiwic2xpZGVzaG93IjoiNDhjMGVlMyJ9\" href='https:\/\/solarsystembh.com.br\/2023\/wp-content\/uploads\/2023\/10\/03-Rio-Acima-Residencial-Rural.jpg'><img loading=\"lazy\" decoding=\"async\" width=\"150\" height=\"150\" src=\"https:\/\/solarsystembh.com.br\/2023\/wp-content\/uploads\/2023\/10\/03-Rio-Acima-Residencial-Rural-150x150.jpg\" class=\"attachment-thumbnail size-thumbnail\" alt=\"\" \/><\/a>\n\t\t\t<\/div><\/figure><figure class='gallery-item'>\n\t\t\t<div class='gallery-icon landscape'>\n\t\t\t\t<a data-elementor-open-lightbox=\"yes\" data-elementor-lightbox-slideshow=\"48c0ee3\" data-elementor-lightbox-title=\"04-Rio Acima- Residencial-Rural\" data-e-action-hash=\"#elementor-action%3Aaction%3Dlightbox%26settings%3DeyJpZCI6NjQzLCJ1cmwiOiJodHRwczpcL1wvc29sYXJzeXN0ZW1iaC5jb20uYnJcLzIwMjNcL3dwLWNvbnRlbnRcL3VwbG9hZHNcLzIwMjNcLzEwXC8wNC1SaW8tQWNpbWEtUmVzaWRlbmNpYWwtUnVyYWwuanBnIiwic2xpZGVzaG93IjoiNDhjMGVlMyJ9\" href='https:\/\/solarsystembh.com.br\/2023\/wp-content\/uploads\/2023\/10\/04-Rio-Acima-Residencial-Rural.jpg'><img loading=\"lazy\" decoding=\"async\" width=\"150\" height=\"150\" src=\"https:\/\/solarsystembh.com.br\/2023\/wp-content\/uploads\/2023\/10\/04-Rio-Acima-Residencial-Rural-150x150.jpg\" class=\"attachment-thumbnail size-thumbnail\" alt=\"\" \/><\/a>\n\t\t\t<\/div><\/figure>\n\t\t<\/div>\n\t\t<\/div>\n\t\t\t\t\t\t<\/div>\n\t\t\t\t<\/div>\n\t\t\t\t<div class=\"elementor-element elementor-element-4016bdc elementor-widget elementor-widget-text-editor\" data-id=\"4016bdc\" data-element_type=\"widget\" data-widget_type=\"text-editor.default\">\n\t\t\t\t<div class=\"elementor-widget-container\">\n\t\t\t\t\t\t\t\t\t<p>&#8211; Local: Rio Acima &#8211; MG<br>&#8211; Cliente: Rural <br>&#8211; Potencia Instalada: 5,6 kwp<br>&#8211; Produ\u00e7\u00e3o m\u00e9dia mensal de 613 kwh\/m\u00eas<br>&#8211; Economia mensal&nbsp;de&nbsp;R$&nbsp;600,00<\/p>\t\t\t\t\t\t\t\t<\/div>\n\t\t\t\t<\/div>\n\t\t\t\t<div class=\"elementor-element elementor-element-2701b76 elementor-widget-divider--separator-type-pattern elementor-widget-divider--view-line elementor-widget elementor-widget-divider\" data-id=\"2701b76\" data-element_type=\"widget\" data-widget_type=\"divider.default\">\n\t\t\t\t<div class=\"elementor-widget-container\">\n\t\t\t\t\t\t\t<div class=\"elementor-divider\" style=\"--divider-pattern-url: url(&quot;data:image\/svg+xml,%3Csvg xmlns=&#039;http:\/\/www.w3.org\/2000\/svg&#039; preserveAspectRatio=&#039;none&#039; overflow=&#039;visible&#039; height=&#039;100%&#039; viewBox=&#039;0 0 20 16&#039; fill=&#039;none&#039; stroke=&#039;black&#039; stroke-width=&#039;1&#039; stroke-linecap=&#039;square&#039; stroke-miterlimit=&#039;10&#039;%3E%3Cg transform=&#039;translate(-12.000000, 0)&#039;%3E%3Cpath d=&#039;M28,0L10,18&#039;\/%3E%3Cpath d=&#039;M18,0L0,18&#039;\/%3E%3Cpath d=&#039;M48,0L30,18&#039;\/%3E%3Cpath d=&#039;M38,0L20,18&#039;\/%3E%3C\/g%3E%3C\/svg%3E&quot;);\">\n\t\t\t<span class=\"elementor-divider-separator\">\n\t\t\t\t\t\t<\/span>\n\t\t<\/div>\n\t\t\t\t\t\t<\/div>\n\t\t\t\t<\/div>\n\t\t\t\t<div class=\"elementor-element elementor-element-af0b951 elementor-widget elementor-widget-heading\" data-id=\"af0b951\" data-element_type=\"widget\" data-widget_type=\"heading.default\">\n\t\t\t\t<div class=\"elementor-widget-container\">\n\t\t\t\t\t<h2 class=\"elementor-heading-title elementor-size-default\">Casa Rural em Rio Acima<\/h2>\t\t\t\t<\/div>\n\t\t\t\t<\/div>\n\t\t\t\t<div class=\"elementor-element elementor-element-9d17adb elementor-widget elementor-widget-text-editor\" data-id=\"9d17adb\" data-element_type=\"widget\" data-widget_type=\"text-editor.default\">\n\t\t\t\t<div class=\"elementor-widget-container\">\n\t\t\t\t\t\t\t\t\t<p>&#8211; Local: Rio Acima &#8211; MG<br>&#8211; Cliente: Rural <br>&#8211; Potencia Instalada: 5,6 kwp<br>&#8211; Produ\u00e7\u00e3o m\u00e9dia mensal de 613 kwh\/m\u00eas<br>&#8211; Economia mensal&nbsp;de&nbsp;R$&nbsp;600,00<\/p>\t\t\t\t\t\t\t\t<\/div>\n\t\t\t\t<\/div>\n\t\t\t\t\t<\/div>\n\t\t\t\t<\/div>\n\t\t<div class=\"elementor-element elementor-element-a691d1e e-flex e-con-boxed e-con e-parent\" data-id=\"a691d1e\" data-element_type=\"container\" data-settings=\"{&quot;background_background&quot;:&quot;classic&quot;}\">\n\t\t\t\t\t<div class=\"e-con-inner\">\n\t\t\t\t<div class=\"elementor-element elementor-element-bdf85d7 elementor-widget-divider--separator-type-pattern elementor-widget-divider--view-line elementor-widget elementor-widget-divider\" data-id=\"bdf85d7\" data-element_type=\"widget\" data-widget_type=\"divider.default\">\n\t\t\t\t<div class=\"elementor-widget-container\">\n\t\t\t\t\t\t\t<div class=\"elementor-divider\" style=\"--divider-pattern-url: url(&quot;data:image\/svg+xml,%3Csvg xmlns=&#039;http:\/\/www.w3.org\/2000\/svg&#039; preserveAspectRatio=&#039;none&#039; overflow=&#039;visible&#039; height=&#039;100%&#039; viewBox=&#039;0 0 20 16&#039; fill=&#039;none&#039; stroke=&#039;black&#039; stroke-width=&#039;1&#039; stroke-linecap=&#039;square&#039; stroke-miterlimit=&#039;10&#039;%3E%3Cg transform=&#039;translate(-12.000000, 0)&#039;%3E%3Cpath d=&#039;M28,0L10,18&#039;\/%3E%3Cpath d=&#039;M18,0L0,18&#039;\/%3E%3Cpath d=&#039;M48,0L30,18&#039;\/%3E%3Cpath d=&#039;M38,0L20,18&#039;\/%3E%3C\/g%3E%3C\/svg%3E&quot;);\">\n\t\t\t<span class=\"elementor-divider-separator\">\n\t\t\t\t\t\t<\/span>\n\t\t<\/div>\n\t\t\t\t\t\t<\/div>\n\t\t\t\t<\/div>\n\t\t\t\t<div class=\"elementor-element elementor-element-8154051 elementor-widget elementor-widget-heading\" data-id=\"8154051\" data-element_type=\"widget\" data-widget_type=\"heading.default\">\n\t\t\t\t<div class=\"elementor-widget-container\">\n\t\t\t\t\t<h2 class=\"elementor-heading-title elementor-size-default\">Existem basicamente 3 tipos de sistemas Fotovoltaicos:<\/h2>\t\t\t\t<\/div>\n\t\t\t\t<\/div>\n\t\t<div class=\"elementor-element elementor-element-27eff6a e-grid e-con-full e-con e-child\" data-id=\"27eff6a\" data-element_type=\"container\">\n\t\t\t\t<div class=\"elementor-element elementor-element-48412c0 elementor-widget elementor-widget-text-editor\" data-id=\"48412c0\" data-element_type=\"widget\" data-widget_type=\"text-editor.default\">\n\t\t\t\t<div class=\"elementor-widget-container\">\n\t\t\t\t\t\t\t\t\t<p><strong>1- Sistemas Ongrid<br \/><\/strong> (onde o gerador \u00e9 conectado na rede da concession\u00e1ria e n\u00e3o armazena energia. O excedente de energia retorna para a rede de da distribuidora e est\u00e1 energia pode ser utilizada nos hor\u00e1rios que n\u00e3o h\u00e1 gera\u00e7\u00e3o)<\/p>\t\t\t\t\t\t\t\t<\/div>\n\t\t\t\t<\/div>\n\t\t\t\t<div class=\"elementor-element elementor-element-c4aac3b elementor-widget elementor-widget-text-editor\" data-id=\"c4aac3b\" data-element_type=\"widget\" data-widget_type=\"text-editor.default\">\n\t\t\t\t<div class=\"elementor-widget-container\">\n\t\t\t\t\t\t\t\t\t<p><strong>2- Sistemas Off Grid ou isolados<br \/><\/strong> (s\u00e3o utilizados onde n\u00e3o h\u00e1 rede el\u00e9trica da concession\u00e1ria). A energia gerada abastece as cargas e carrega as baterias, necess\u00e1rias neste tipo de sistema!<\/p>\t\t\t\t\t\t\t\t<\/div>\n\t\t\t\t<\/div>\n\t\t\t\t<div class=\"elementor-element elementor-element-eb87f10 elementor-widget elementor-widget-text-editor\" data-id=\"eb87f10\" data-element_type=\"widget\" data-widget_type=\"text-editor.default\">\n\t\t\t\t<div class=\"elementor-widget-container\">\n\t\t\t\t\t\t\t\t\t<p><strong>3- H\u00edbridos<\/strong><br \/>(utilizados em locais onde h\u00e1 necessidade de se garantir o fornecimento de energia sem interrup\u00e7\u00e3o. Neste caso, o inversor \u00e9 conectado tanto nas baterias quando na rede da concession\u00e1ria que pode servir como backup em longos per\u00edodos de chuva quando a energia gerada pelas placas n\u00e3o for suficiente para carregar as baterias e manter as cargas).<\/p>\t\t\t\t\t\t\t\t<\/div>\n\t\t\t\t<\/div>\n\t\t\t\t<\/div>\n\t\t<div class=\"elementor-element elementor-element-21e1b1f e-con-full e-flex e-con e-child\" data-id=\"21e1b1f\" data-element_type=\"container\">\n\t\t\t\t<div class=\"elementor-element elementor-element-89ae386 elementor-widget elementor-widget-text-editor\" data-id=\"89ae386\" data-element_type=\"widget\" data-widget_type=\"text-editor.default\">\n\t\t\t\t<div class=\"elementor-widget-container\">\n\t\t\t\t\t\t\t\t\t<p><em>Para cada necessidade, definimos o modelo apropriado de sistema para atender \u00e0 necessidade de nossos clientes.<\/em><\/p>\t\t\t\t\t\t\t\t<\/div>\n\t\t\t\t<\/div>\n\t\t\t\t<\/div>\n\t\t\t\t\t<\/div>\n\t\t\t\t<\/div>\n\t\t<div class=\"elementor-element elementor-element-25519e5 e-flex e-con-boxed e-con e-parent\" data-id=\"25519e5\" data-element_type=\"container\" data-settings=\"{&quot;background_background&quot;:&quot;classic&quot;}\">\n\t\t\t\t\t<div class=\"e-con-inner\">\n\t\t\t\t<div class=\"elementor-element elementor-element-2b2e1ba elementor-widget elementor-widget-image\" data-id=\"2b2e1ba\" data-element_type=\"widget\" data-widget_type=\"image.default\">\n\t\t\t\t<div class=\"elementor-widget-container\">\n\t\t\t\t\t\t\t\t\t\t\t\t\t\t\t<img loading=\"lazy\" decoding=\"async\" width=\"163\" height=\"79\" src=\"https:\/\/solarsystembh.com.br\/2023\/wp-content\/uploads\/2023\/05\/logo-Solar-System.png\" class=\"attachment-large size-large wp-image-42\" alt=\"\" \/>\t\t\t\t\t\t\t\t\t\t\t\t\t\t\t<\/div>\n\t\t\t\t<\/div>\n\t\t\t\t\t<\/div>\n\t\t\t\t<\/div>\n\t\t\t\t<\/div>\n\t\t","protected":false},"excerpt":{"rendered":"<p>PROJETOS RESIDENCIAIS CONHE\u00c7A ALGUNS DE NOSSOS PROJETOS Garagem Solar &#8211; Carport &#8211; Local: Nova Lima &#8211; MG&#8211; Cliente: Residencial (Garagem Solar &#8211; Carport)&#8211; Potencia Instalada: 6,6 kwp&#8211; Produ\u00e7\u00e3o m\u00e9dia mensal de 770 kwh\/m\u00eas&#8211; Economia mensal\u00a0de\u00a0R$\u00a0740,00 Casa Rural em Rio Acima &#8211; Local: Rio Acima &#8211; MG&#8211; Cliente: Rural &#8211; Potencia Instalada: 5,6 kwp&#8211; Produ\u00e7\u00e3o m\u00e9dia [&hellip;]<\/p>\n","protected":false},"author":1,"featured_media":0,"parent":122,"menu_order":0,"comment_status":"closed","ping_status":"closed","template":"elementor_header_footer","meta":{"footnotes":""},"class_list":["post-629","page","type-page","status-publish","hentry"],"_links":{"self":[{"href":"https:\/\/solarsystembh.com.br\/2023\/wp-json\/wp\/v2\/pages\/629","targetHints":{"allow":["GET"]}}],"collection":[{"href":"https:\/\/solarsystembh.com.br\/2023\/wp-json\/wp\/v2\/pages"}],"about":[{"href":"https:\/\/solarsystembh.com.br\/2023\/wp-json\/wp\/v2\/types\/page"}],"author":[{"embeddable":true,"href":"https:\/\/solarsystembh.com.br\/2023\/wp-json\/wp\/v2\/users\/1"}],"replies":[{"embeddable":true,"href":"https:\/\/solarsystembh.com.br\/2023\/wp-json\/wp\/v2\/comments?post=629"}],"version-history":[{"count":39,"href":"https:\/\/solarsystembh.com.br\/2023\/wp-json\/wp\/v2\/pages\/629\/revisions"}],"predecessor-version":[{"id":793,"href":"https:\/\/solarsystembh.com.br\/2023\/wp-json\/wp\/v2\/pages\/629\/revisions\/793"}],"up":[{"embeddable":true,"href":"https:\/\/solarsystembh.com.br\/2023\/wp-json\/wp\/v2\/pages\/122"}],"wp:attachment":[{"href":"https:\/\/solarsystembh.com.br\/2023\/wp-json\/wp\/v2\/media?parent=629"}],"curies":[{"name":"wp","href":"https:\/\/api.w.org\/{rel}","templated":true}]}}